{"id":395,"date":"2023-04-27T13:16:20","date_gmt":"2023-04-27T16:16:20","guid":{"rendered":"https:\/\/172.16.252.83\/atoswordpress\/?page_id=395"},"modified":"2024-04-30T07:07:58","modified_gmt":"2024-04-30T10:07:58","slug":"eleicao-conselhor-tutelar-ano-2023","status":"publish","type":"page","link":"https:\/\/publicacoes.campobom.rs.gov.br\/?page_id=395","title":{"rendered":"Elei\u00e7\u00e3o conselho tutelar 2023"},"content":{"rendered":"\t\t<div data-elementor-type=\"wp-page\" data-elementor-id=\"395\" class=\"elementor elementor-395\">\n\t\t\t\t\t\t<section class=\"elementor-section elementor-top-section elementor-element elementor-element-f643afb elementor-section-boxed elementor-section-height-default elementor-section-height-default wpr-particle-no wpr-jarallax-no wpr-parallax-no wpr-sticky-section-no wpr-equal-height-no\" data-id=\"f643afb\" data-element_type=\"section\" data-e-type=\"section\">\n\t\t\t\t\t\t<div class=\"elementor-container elementor-column-gap-default\">\n\t\t\t\t\t<div class=\"elementor-column elementor-col-100 elementor-top-column elementor-element elementor-element-3d1e940\" data-id=\"3d1e940\" data-element_type=\"column\" data-e-type=\"column\">\n\t\t\t<div class=\"elementor-widget-wrap elementor-element-populated\">\n\t\t\t\t\t\t<div class=\"elementor-element elementor-element-ed0b1ad elementor-widget elementor-widget-heading\" data-id=\"ed0b1ad\" data-element_type=\"widget\" data-e-type=\"widget\" data-widget_type=\"heading.default\">\n\t\t\t\t<div class=\"elementor-widget-container\">\n\t\t\t\t\t<h2 class=\"elementor-heading-title elementor-size-default\">Elei\u00e7\u00e3o do Conselho Tutelar Ano 2023<\/h2>\t\t\t\t<\/div>\n\t\t\t\t<\/div>\n\t\t\t\t\t<\/div>\n\t\t<\/div>\n\t\t\t\t\t<\/div>\n\t\t<\/section>\n\t\t\t\t<section class=\"elementor-section elementor-top-section elementor-element elementor-element-c19f398 elementor-section-boxed elementor-section-height-default elementor-section-height-default wpr-particle-no wpr-jarallax-no wpr-parallax-no wpr-sticky-section-no wpr-equal-height-no\" data-id=\"c19f398\" data-element_type=\"section\" data-e-type=\"section\">\n\t\t\t\t\t\t<div class=\"elementor-container elementor-column-gap-default\">\n\t\t\t\t\t<div class=\"elementor-column elementor-col-100 elementor-top-column elementor-element elementor-element-668fae1\" data-id=\"668fae1\" data-element_type=\"column\" data-e-type=\"column\">\n\t\t\t<div class=\"elementor-widget-wrap elementor-element-populated\">\n\t\t\t\t\t\t<div class=\"elementor-element elementor-element-f462bd7 elementor-tabs-view-horizontal elementor-widget elementor-widget-tabs\" data-id=\"f462bd7\" data-element_type=\"widget\" data-e-type=\"widget\" data-widget_type=\"tabs.default\">\n\t\t\t\t<div class=\"elementor-widget-container\">\n\t\t\t\t\t\t\t<div class=\"elementor-tabs\">\n\t\t\t<div class=\"elementor-tabs-wrapper\" role=\"tablist\" >\n\t\t\t\t\t\t\t\t\t<div id=\"elementor-tab-title-2561\" class=\"elementor-tab-title elementor-tab-desktop-title\" aria-selected=\"true\" data-tab=\"1\" role=\"tab\" tabindex=\"0\" aria-controls=\"elementor-tab-content-2561\" aria-expanded=\"false\">Elei\u00e7\u00e3o Ordin\u00e1ria<\/div>\n\t\t\t\t\t\t\t\t\t<div id=\"elementor-tab-title-2562\" class=\"elementor-tab-title elementor-tab-desktop-title\" aria-selected=\"false\" data-tab=\"2\" role=\"tab\" tabindex=\"-1\" aria-controls=\"elementor-tab-content-2562\" aria-expanded=\"false\">Elei\u00e7\u00e3o Complementar<\/div>\n\t\t\t\t\t\t\t<\/div>\n\t\t\t<div class=\"elementor-tabs-content-wrapper\" role=\"tablist\" aria-orientation=\"vertical\">\n\t\t\t\t\t\t\t\t\t<div class=\"elementor-tab-title elementor-tab-mobile-title\" aria-selected=\"true\" data-tab=\"1\" role=\"tab\" tabindex=\"0\" aria-controls=\"elementor-tab-content-2561\" aria-expanded=\"false\">Elei\u00e7\u00e3o Ordin\u00e1ria<\/div>\n\t\t\t\t\t<div id=\"elementor-tab-content-2561\" class=\"elementor-tab-content elementor-clearfix\" data-tab=\"1\" role=\"tabpanel\" aria-labelledby=\"elementor-tab-title-2561\" tabindex=\"0\" hidden=\"false\"><ul><li><a href=\"\/wp-content\/uploads\/ELEI\u00c7\u00c3O-CONSELHO-TUTELAR\/ELEI\u00c7\u00c3O-CONSELHO-TUTELAR\/EDITAL-DE-ELEICAO-DO-CONSELHO-TUTELAR-DE-CAMPO-BOM.pdf\" target=\"_blank\" rel=\"noopener\">EDITAL DE ELEI\u00c7\u00c3O DO CONSELHO TUTELAR DE CAMPO BOM<\/a><\/li><li><a href=\"\/wp-content\/uploads\/ELEI\u00c7\u00c3O-CONSELHO-TUTELAR\/ELEI\u00c7\u00c3O-CONSELHO-TUTELAR\/FICHA-DE-INSCRICAO.pdf\" target=\"_blank\" rel=\"noopener\">FICHA DE INSCRI\u00c7\u00c3O<\/a><\/li><li><a href=\"\/wp-content\/uploads\/ELEI\u00c7\u00c3O-CONSELHO-TUTELAR\/ELEI\u00c7\u00c3O-CONSELHO-TUTELAR\/DECLARACAO.pdf\" target=\"_blank\" rel=\"noopener\">DECLARA\u00c7\u00c3O<\/a><\/li><li><a href=\"\/wp-content\/uploads\/ELEI\u00c7\u00c3O-CONSELHO-TUTELAR\/ELEI\u00c7\u00c3O-CONSELHO-TUTELAR\/RESOLUCAO-01-COMISSAO-ELEITORAL.pdf\" target=\"_blank\" rel=\"noopener\">RESOLU\u00c7\u00c3O 01 COMISS\u00c3O ELEITORAL<\/a><\/li><li><a href=\"\/wp-content\/uploads\/ELEI\u00c7\u00c3O-CONSELHO-TUTELAR\/ELEI\u00c7\u00c3O-CONSELHO-TUTELAR\/RESOLUCAO-02-Homologacao-inscricoes.pdf\" target=\"_blank\" rel=\"noopener\">RESOLU\u00c7\u00c3O 02 &#8211; HOMOLOGA\u00c7\u00c3O INCRI\u00c7\u00d5ES<\/a><\/li><li><a href=\"\/wp-content\/uploads\/ELEI\u00c7\u00c3O-CONSELHO-TUTELAR\/ELEI\u00c7\u00c3O-CONSELHO-TUTELAR\/RESOLUCAO-03-COMISSAO-ELEITORAL2.pdf\" target=\"_blank\" rel=\"noopener\">RESOLU\u00c7\u00c3O 03 COMISS\u00c3O ELEITORAL<\/a><\/li><li><a href=\"\/wp-content\/uploads\/ELEI\u00c7\u00c3O-CONSELHO-TUTELAR\/ELEI\u00c7\u00c3O-CONSELHO-TUTELAR\/RESOLUCAO-04-Indeferimento-inscricao.pdf\" target=\"_blank\" rel=\"noopener\">RESOLU\u00c7\u00c3O 04 &#8211; INDEFERIMENTO INSCRI\u00c7\u00c3O<\/a><\/li><li><a href=\"\/wp-content\/uploads\/ELEI\u00c7\u00c3O-CONSELHO-TUTELAR\/ELEI\u00c7\u00c3O-CONSELHO-TUTELAR\/RESOLUCAO-05-data-da-capacitacao.pdf\" target=\"_blank\" rel=\"noopener\">RESOLU\u00c7\u00c3O 05 &#8211; DATA DE CAPACITA\u00c7\u00c3O<\/a><\/li><li><a href=\"\/wp-content\/uploads\/ELEI\u00c7\u00c3O-CONSELHO-TUTELAR\/ELEI\u00c7\u00c3O-CONSELHO-TUTELAR\/RESOLUCAO-06-altera-cronograma-de-execucao.pdf\">RESOLU\u00c7\u00c3O 06 &#8211; ALTERA CRONOGRAMA DE EXECU\u00c7\u00c3O<\/a><\/li><li><a href=\"\/wp-content\/uploads\/ELEI\u00c7\u00c3O-CONSELHO-TUTELAR\/ELEI\u00c7\u00c3O-CONSELHO-TUTELAR\/RESOLUCAO-07-COMISSAO-ELEITORAL1.pdf\">RESOLU\u00c7\u00c3O 07 COMISS\u00c3O ELEITORAL<\/a><\/li><li><a href=\"\/wp-content\/uploads\/ELEI\u00c7\u00c3O-CONSELHO-TUTELAR\/ELEI\u00c7\u00c3O-CONSELHO-TUTELAR\/RESOLUCAO-08-COMISSAO-ELEITORAL2.pdf\">RESOLU\u00c7\u00c3O 08 COMISS\u00c3O ELEITORAL 2<\/a><\/li><li><a href=\"\/wp-content\/uploads\/ELEI\u00c7\u00c3O-CONSELHO-TUTELAR\/ELEI\u00c7\u00c3O-CONSELHO-TUTELAR\/RESOLUCAO-09-COMISSAO-ELEITORAL.pdf\">RESOLU\u00c7\u00c3O 09 COMISS\u00c3O ELEITORAL 3<\/a><\/li><li><a href=\"\/wp-content\/uploads\/ELEI\u00c7\u00c3O-CONSELHO-TUTELAR\/ELEI\u00c7\u00c3O-CONSELHO-TUTELAR\/Resolucao-CMDCA.pdf\" target=\"_blank\" rel=\"noopener\">RESOLU\u00c7\u00c3O CMDCA N\u00ba 02\/2023<\/a><\/li><li><a href=\"\/wp-content\/uploads\/ELEI\u00c7\u00c3O-CONSELHO-TUTELAR\/ELEI\u00c7\u00c3O-CONSELHO-TUTELAR\/RESOLUCAO-10-COMISSAO-ELEITORAL1.pdf\">RESOLU\u00c7\u00c3O 10 COMISS\u00c3O ELEITORAL<\/a><\/li><li><a href=\"\/wp-content\/uploads\/ELEI\u00c7\u00c3O-CONSELHO-TUTELAR\/ELEI\u00c7\u00c3O-CONSELHO-TUTELAR\/RESOLUCAO-11-COMISSAO-ELEITORAL.pdf\">RESOLU\u00c7\u00c3O 11 COMISS\u00c3O ELEITORAL<\/a><\/li><li><a href=\"\/wp-content\/uploads\/ELEI\u00c7\u00c3O-CONSELHO-TUTELAR\/ELEI\u00c7\u00c3O-CONSELHO-TUTELAR\/Resolucao-CMDCA-004-2023-Altera-a-Resolucao.pdf\" target=\"_blank\" rel=\"noopener\">RESOLU\u00c7\u00c3O CMDCA N\u00ba 04\/2023<\/a><\/li><li><a href=\"\/wp-content\/uploads\/ELEI\u00c7\u00c3O-CONSELHO-TUTELAR\/ELEI\u00c7\u00c3O-CONSELHO-TUTELAR\/RESOLUCAO-12-COMISSAO-ELEITORAL.pdf\">RESOLU\u00c7\u00c3O 12 COMISS\u00c3O ELEITORAL<\/a><\/li><li><a href=\"\/wp-content\/uploads\/ELEI\u00c7\u00c3O-CONSELHO-TUTELAR\/ELEI\u00c7\u00c3O-CONSELHO-TUTELAR\/ATA-DE-APURACAO.pdf\">ATA DE APURA\u00c7\u00c3O<\/a><\/li><li><a href=\"\/wp-content\/uploads\/ELEI\u00c7\u00c3O-CONSELHO-TUTELAR\/ELEI\u00c7\u00c3O-CONSELHO-TUTELAR\/Resolucao-CMDCA-005-2023-Homologa-eleicao-Conselho-Tutelar.pdf\">RESOLU\u00c7\u00c3O CMDCA HOMOLOGA\u00c7\u00c3O FINAL<\/a><\/li><\/ul><\/div>\n\t\t\t\t\t\t\t\t\t<div class=\"elementor-tab-title elementor-tab-mobile-title\" aria-selected=\"false\" data-tab=\"2\" role=\"tab\" tabindex=\"-1\" aria-controls=\"elementor-tab-content-2562\" aria-expanded=\"false\">Elei\u00e7\u00e3o Complementar<\/div>\n\t\t\t\t\t<div id=\"elementor-tab-content-2562\" class=\"elementor-tab-content elementor-clearfix\" data-tab=\"2\" role=\"tabpanel\" aria-labelledby=\"elementor-tab-title-2562\" tabindex=\"0\" hidden=\"hidden\"><ul><li><a href=\"\/wp-content\/uploads\/ELEI\u00c7\u00c3O-CONSELHO-TUTELAR\/ELEI\u00c7\u00c3O-COMPLEMENTAR\/Edital-de-Abertura.pdf\">EDITAL DE ABERTURA<\/a><\/li><li><a href=\"\/wp-content\/uploads\/ELEI\u00c7\u00c3O-CONSELHO-TUTELAR\/ELEI\u00c7\u00c3O-COMPLEMENTAR\/FICHA-DE-INSCRICAO.pdf\">FICHA DE INSCRI\u00c7\u00c3O<\/a><\/li><li><a href=\"\/wp-content\/uploads\/ELEI\u00c7\u00c3O-CONSELHO-TUTELAR\/ELEI\u00c7\u00c3O-COMPLEMENTAR\/DECLARACAO.pdf\">DECLARA\u00c7\u00c3O<\/a><\/li><li><a href=\"\/wp-content\/uploads\/ELEI\u00c7\u00c3O-CONSELHO-TUTELAR\/ELEI\u00c7\u00c3O-COMPLEMENTAR\/RESOLUCAO-01-COMISSAO-ELEITORAL.pdf\">RESOLU\u00c7\u00c3O 01 COMISS\u00c3O ELEITORAL<\/a><\/li><li><a href=\"\/wp-content\/uploads\/ELEI\u00c7\u00c3O-CONSELHO-TUTELAR\/ELEI\u00c7\u00c3O-COMPLEMENTAR\/RESOLUCAO-02.pdf\">RESOLU\u00c7\u00c3O 02<\/a><\/li><li><a href=\"\/wp-content\/uploads\/ELEI\u00c7\u00c3O-CONSELHO-TUTELAR\/ELEI\u00c7\u00c3O-COMPLEMENTAR\/RESOLUCAO-03-COMISSAO-ELEITORAL-suplementar.pdf\">RESOLU\u00c7\u00c3O 03 COMISS\u00c3O ELEITORAL &#8211; SUPLEMENTAR<\/a><\/li><li><a href=\"\/wp-content\/uploads\/ELEI\u00c7\u00c3O-CONSELHO-TUTELAR\/ELEI\u00c7\u00c3O-COMPLEMENTAR\/RESOLUCAO-04-COMISSAO-ELEITORAL-suplementar.pdf\">RESOLU\u00c7\u00c3O 04 COMISS\u00c3O ELEITORAL &#8211; SUPLEMENTAR<\/a><\/li><li><a href=\"\/wp-content\/uploads\/ELEI\u00c7\u00c3O-CONSELHO-TUTELAR\/ELEI\u00c7\u00c3O-COMPLEMENTAR\/RESOLUCAO-05-COMISSAO-ELEITORAL-suplementar.pdf\">RESOLU\u00c7\u00c3O 05 COMISS\u00c3O ELEITORAL &#8211; SUPLEMENTAR<\/a><\/li><li><a href=\"\/wp-content\/uploads\/ELEI\u00c7\u00c3O-CONSELHO-TUTELAR\/ELEI\u00c7\u00c3O-COMPLEMENTAR\/RESOLUCAO-06.pdf\">RESOLU\u00c7\u00c3O 06<\/a><\/li><li><a href=\"\/wp-content\/uploads\/ELEI\u00c7\u00c3O-CONSELHO-TUTELAR\/ELEI\u00c7\u00c3O-COMPLEMENTAR\/RESOLUCAO-07-.pdf\">RESOLU\u00c7\u00c3O 07<\/a><\/li><li><a href=\"\/wp-content\/uploads\/ELEI\u00c7\u00c3O-CONSELHO-TUTELAR\/ELEI\u00c7\u00c3O-COMPLEMENTAR\/RESOLUCAO-08-COMISSAO-ELEITORAL.pdf\">RESOLU\u00c7\u00c3O 08 COMISS\u00c3O ELEITORAL<\/a><\/li><li><a href=\"\/wp-content\/uploads\/ELEI\u00c7\u00c3O-CONSELHO-TUTELAR\/ELEI\u00c7\u00c3O-COMPLEMENTAR\/RESOLUCAO-09-COMISSAO-ELEITORAL.pdf\">RESOLU\u00c7\u00c3O 09 COMISS\u00c3O ELEITORAL<\/a><\/li><li><a href=\"\/wp-content\/uploads\/ELEI\u00c7\u00c3O-CONSELHO-TUTELAR\/ELEI\u00c7\u00c3O-COMPLEMENTAR\/RESOLUCAO-10-COMISSAO-ELEITORAL.pdf\">RESOLU\u00c7\u00c3O 10 COMISS\u00c3O ELEITORAL<\/a><\/li><\/ul><\/div>\n\t\t\t\t\t\t\t<\/div>\n\t\t<\/div>\n\t\t\t\t\t\t<\/div>\n\t\t\t\t<\/div>\n\t\t\t\t\t<\/div>\n\t\t<\/div>\n\t\t\t\t\t<\/div>\n\t\t<\/section>\n\t\t\t\t<section class=\"elementor-section elementor-top-section elementor-element elementor-element-59f0757 elementor-section-height-min-height elementor-hidden-tablet elementor-hidden-mobile elementor-section-boxed elementor-section-height-default elementor-section-items-middle wpr-particle-no wpr-jarallax-no wpr-parallax-no wpr-sticky-section-no wpr-equal-height-no\" data-id=\"59f0757\" data-element_type=\"section\" data-e-type=\"section\" data-settings=\"{&quot;background_background&quot;:&quot;classic&quot;,&quot;shape_divider_top&quot;:&quot;mountains&quot;}\">\n\t\t\t\t\t<div class=\"elementor-shape elementor-shape-top\" aria-hidden=\"true\" data-negative=\"false\">\n\t\t\t<svg xmlns=\"http:\/\/www.w3.org\/2000\/svg\" viewBox=\"0 0 1000 100\" preserveAspectRatio=\"none\">\n\t<path class=\"elementor-shape-fill\" opacity=\"0.33\" d=\"M473,67.3c-203.9,88.3-263.1-34-320.3,0C66,119.1,0,59.7,0,59.7V0h1000v59.7 c0,0-62.1,26.1-94.9,29.3c-32.8,3.3-62.8-12.3-75.8-22.1C806,49.6,745.3,8.7,694.9,4.7S492.4,59,473,67.3z\"\/>\n\t<path class=\"elementor-shape-fill\" opacity=\"0.66\" d=\"M734,67.3c-45.5,0-77.2-23.2-129.1-39.1c-28.6-8.7-150.3-10.1-254,39.1 s-91.7-34.4-149.2,0C115.7,118.3,0,39.8,0,39.8V0h1000v36.5c0,0-28.2-18.5-92.1-18.5C810.2,18.1,775.7,67.3,734,67.3z\"\/>\n\t<path class=\"elementor-shape-fill\" d=\"M766.1,28.9c-200-57.5-266,65.5-395.1,19.5C242,1.8,242,5.4,184.8,20.6C128,35.8,132.3,44.9,89.9,52.5C28.6,63.7,0,0,0,0 h1000c0,0-9.9,40.9-83.6,48.1S829.6,47,766.1,28.9z\"\/>\n<\/svg>\t\t<\/div>\n\t\t\t\t\t<div class=\"elementor-container elementor-column-gap-default\">\n\t\t\t\t\t<div class=\"elementor-column elementor-col-33 elementor-top-column elementor-element elementor-element-3486852\" data-id=\"3486852\" data-element_type=\"column\" data-e-type=\"column\">\n\t\t\t<div class=\"elementor-widget-wrap elementor-element-populated\">\n\t\t\t\t\t\t<div class=\"elementor-element elementor-element-a53c2b9 elementor-widget elementor-widget-spacer\" data-id=\"a53c2b9\" data-element_type=\"widget\" data-e-type=\"widget\" data-widget_type=\"spacer.default\">\n\t\t\t\t<div class=\"elementor-widget-container\">\n\t\t\t\t\t\t\t<div class=\"elementor-spacer\">\n\t\t\t<div class=\"elementor-spacer-inner\"><\/div>\n\t\t<\/div>\n\t\t\t\t\t\t<\/div>\n\t\t\t\t<\/div>\n\t\t\t\t<div class=\"elementor-element elementor-element-3387e54 elementor-widget elementor-widget-spacer\" data-id=\"3387e54\" data-element_type=\"widget\" data-e-type=\"widget\" data-widget_type=\"spacer.default\">\n\t\t\t\t<div class=\"elementor-widget-container\">\n\t\t\t\t\t\t\t<div class=\"elementor-spacer\">\n\t\t\t<div class=\"elementor-spacer-inner\"><\/div>\n\t\t<\/div>\n\t\t\t\t\t\t<\/div>\n\t\t\t\t<\/div>\n\t\t\t\t<div class=\"elementor-element elementor-element-8666762 elementor-widget elementor-widget-spacer\" data-id=\"8666762\" data-element_type=\"widget\" data-e-type=\"widget\" data-widget_type=\"spacer.default\">\n\t\t\t\t<div class=\"elementor-widget-container\">\n\t\t\t\t\t\t\t<div class=\"elementor-spacer\">\n\t\t\t<div class=\"elementor-spacer-inner\"><\/div>\n\t\t<\/div>\n\t\t\t\t\t\t<\/div>\n\t\t\t\t<\/div>\n\t\t\t\t<div class=\"elementor-element elementor-element-cedf9af elementor-widget elementor-widget-text-editor\" data-id=\"cedf9af\" data-element_type=\"widget\" data-e-type=\"widget\" data-widget_type=\"text-editor.default\">\n\t\t\t\t<div class=\"elementor-widget-container\">\n\t\t\t\t\t\t\t\t\t<p>Hor\u00e1rio de Funcionamento:<br \/>Segunda a Quinta das 12:30 \u00e0s 18:30<br \/>Sexta-feira das 7:30 \u00e0s 13:30<\/p><p>Av. Independ\u00eancia, 800 &#8211; Campo Bom \/ RS\u00a0<\/p><p>CEP 93700-000 \/ (51) 3598.8600<\/p>\t\t\t\t\t\t\t\t<\/div>\n\t\t\t\t<\/div>\n\t\t\t\t\t<\/div>\n\t\t<\/div>\n\t\t\t\t<div class=\"elementor-column elementor-col-33 elementor-top-column elementor-element elementor-element-da50b52\" data-id=\"da50b52\" data-element_type=\"column\" data-e-type=\"column\">\n\t\t\t<div class=\"elementor-widget-wrap elementor-element-populated\">\n\t\t\t\t\t\t<div class=\"elementor-element elementor-element-ad51757 elementor-widget elementor-widget-spacer\" data-id=\"ad51757\" data-element_type=\"widget\" data-e-type=\"widget\" data-widget_type=\"spacer.default\">\n\t\t\t\t<div class=\"elementor-widget-container\">\n\t\t\t\t\t\t\t<div class=\"elementor-spacer\">\n\t\t\t<div class=\"elementor-spacer-inner\"><\/div>\n\t\t<\/div>\n\t\t\t\t\t\t<\/div>\n\t\t\t\t<\/div>\n\t\t\t\t\t<\/div>\n\t\t<\/div>\n\t\t\t\t<div class=\"elementor-column elementor-col-33 elementor-top-column elementor-element elementor-element-c00fc76\" data-id=\"c00fc76\" data-element_type=\"column\" data-e-type=\"column\">\n\t\t\t<div class=\"elementor-widget-wrap elementor-element-populated\">\n\t\t\t\t\t\t<div class=\"elementor-element elementor-element-2785309 elementor-widget elementor-widget-spacer\" data-id=\"2785309\" data-element_type=\"widget\" data-e-type=\"widget\" data-widget_type=\"spacer.default\">\n\t\t\t\t<div class=\"elementor-widget-container\">\n\t\t\t\t\t\t\t<div class=\"elementor-spacer\">\n\t\t\t<div class=\"elementor-spacer-inner\"><\/div>\n\t\t<\/div>\n\t\t\t\t\t\t<\/div>\n\t\t\t\t<\/div>\n\t\t\t\t<div class=\"elementor-element elementor-element-561be76 elementor-widget elementor-widget-spacer\" data-id=\"561be76\" data-element_type=\"widget\" data-e-type=\"widget\" data-widget_type=\"spacer.default\">\n\t\t\t\t<div class=\"elementor-widget-container\">\n\t\t\t\t\t\t\t<div class=\"elementor-spacer\">\n\t\t\t<div class=\"elementor-spacer-inner\"><\/div>\n\t\t<\/div>\n\t\t\t\t\t\t<\/div>\n\t\t\t\t<\/div>\n\t\t\t\t<div class=\"elementor-element elementor-element-bcb8cf9 elementor-shape-circle elementor-grid-0 e-grid-align-center elementor-widget elementor-widget-social-icons\" data-id=\"bcb8cf9\" data-element_type=\"widget\" data-e-type=\"widget\" data-widget_type=\"social-icons.default\">\n\t\t\t\t<div class=\"elementor-widget-container\">\n\t\t\t\t\t\t\t<div class=\"elementor-social-icons-wrapper elementor-grid\" role=\"list\">\n\t\t\t\t\t\t\t<span class=\"elementor-grid-item\" role=\"listitem\">\n\t\t\t\t\t<a class=\"elementor-icon elementor-social-icon elementor-social-icon-facebook elementor-repeater-item-2c68855\" href=\"https:\/\/pt-br.facebook.com\/prefeituradecampobom\" target=\"_blank\">\n\t\t\t\t\t\t<span class=\"elementor-screen-only\">Facebook<\/span>\n\t\t\t\t\t\t<i aria-hidden=\"true\" class=\"fab fa-facebook\"><\/i>\t\t\t\t\t<\/a>\n\t\t\t\t<\/span>\n\t\t\t\t\t\t\t<span class=\"elementor-grid-item\" role=\"listitem\">\n\t\t\t\t\t<a class=\"elementor-icon elementor-social-icon elementor-social-icon-twitter elementor-repeater-item-fee35a3\" href=\"https:\/\/twitter.com\/PrefCampoBom\" target=\"_blank\">\n\t\t\t\t\t\t<span class=\"elementor-screen-only\">Twitter<\/span>\n\t\t\t\t\t\t<i aria-hidden=\"true\" class=\"fab fa-twitter\"><\/i>\t\t\t\t\t<\/a>\n\t\t\t\t<\/span>\n\t\t\t\t\t\t\t<span class=\"elementor-grid-item\" role=\"listitem\">\n\t\t\t\t\t<a class=\"elementor-icon elementor-social-icon elementor-social-icon-youtube elementor-repeater-item-4a14213\" href=\"https:\/\/www.youtube.com\/user\/imprensacb1\" target=\"_blank\">\n\t\t\t\t\t\t<span class=\"elementor-screen-only\">Youtube<\/span>\n\t\t\t\t\t\t<i aria-hidden=\"true\" class=\"fab fa-youtube\"><\/i>\t\t\t\t\t<\/a>\n\t\t\t\t<\/span>\n\t\t\t\t\t\t\t<span class=\"elementor-grid-item\" role=\"listitem\">\n\t\t\t\t\t<a class=\"elementor-icon elementor-social-icon elementor-social-icon-instagram elementor-repeater-item-630abc8\" target=\"_blank\">\n\t\t\t\t\t\t<span class=\"elementor-screen-only\">Instagram<\/span>\n\t\t\t\t\t\t<i aria-hidden=\"true\" class=\"fab fa-instagram\"><\/i>\t\t\t\t\t<\/a>\n\t\t\t\t<\/span>\n\t\t\t\t\t<\/div>\n\t\t\t\t\t\t<\/div>\n\t\t\t\t<\/div>\n\t\t\t\t<div class=\"elementor-element elementor-element-dc3f666 elementor-widget elementor-widget-image\" data-id=\"dc3f666\" data-element_type=\"widget\" data-e-type=\"widget\" data-widget_type=\"image.default\">\n\t\t\t\t<div class=\"elementor-widget-container\">\n\t\t\t\t\t\t\t\t\t\t\t\t\t\t\t<img decoding=\"async\" width=\"150\" height=\"150\" src=\"https:\/\/publicacoes.campobom.rs.gov.br\/wp-content\/uploads\/2023\/03\/pmcb_BRASA\u0192O_negativo-branco-150x150.png\" class=\"attachment-thumbnail size-thumbnail wp-image-30\" alt=\"\" srcset=\"https:\/\/publicacoes.campobom.rs.gov.br\/wp-content\/uploads\/2023\/03\/pmcb_BRASA\u0192O_negativo-branco-150x150.png 150w, https:\/\/publicacoes.campobom.rs.gov.br\/wp-content\/uploads\/2023\/03\/pmcb_BRASA\u0192O_negativo-branco-300x300.png 300w, https:\/\/publicacoes.campobom.rs.gov.br\/wp-content\/uploads\/2023\/03\/pmcb_BRASA\u0192O_negativo-branco-1024x1024.png 1024w, https:\/\/publicacoes.campobom.rs.gov.br\/wp-content\/uploads\/2023\/03\/pmcb_BRASA\u0192O_negativo-branco-768x768.png 768w, https:\/\/publicacoes.campobom.rs.gov.br\/wp-content\/uploads\/2023\/03\/pmcb_BRASA\u0192O_negativo-branco-1536x1536.png 1536w, https:\/\/publicacoes.campobom.rs.gov.br\/wp-content\/uploads\/2023\/03\/pmcb_BRASA\u0192O_negativo-branco-2048x2048.png 2048w, https:\/\/publicacoes.campobom.rs.gov.br\/wp-content\/uploads\/2023\/03\/pmcb_BRASA\u0192O_negativo-branco-242x242.png 242w\" sizes=\"(max-width: 150px) 100vw, 150px\" \/>\t\t\t\t\t\t\t\t\t\t\t\t\t\t\t<\/div>\n\t\t\t\t<\/div>\n\t\t\t\t\t<\/div>\n\t\t<\/div>\n\t\t\t\t\t<\/div>\n\t\t<\/section>\n\t\t\t\t<\/div>\n\t\t","protected":false},"excerpt":{"rendered":"<p>Elei\u00e7\u00e3o do Conselho Tutelar Ano 2023 Elei\u00e7\u00e3o Ordin\u00e1ria Elei\u00e7\u00e3o Complementar Elei\u00e7\u00e3o Ordin\u00e1ria EDITAL DE ELEI\u00c7\u00c3O DO CONSELHO TUTELAR DE CAMPO BOM FICHA DE INSCRI\u00c7\u00c3O DECLARA\u00c7\u00c3O RESOLU\u00c7\u00c3O 01 COMISS\u00c3O ELEITORAL RESOLU\u00c7\u00c3O 02 &#8211; HOMOLOGA\u00c7\u00c3O INCRI\u00c7\u00d5ES RESOLU\u00c7\u00c3O 03 COMISS\u00c3O ELEITORAL RESOLU\u00c7\u00c3O 04 &#8211; INDEFERIMENTO INSCRI\u00c7\u00c3O RESOLU\u00c7\u00c3O 05 &#8211; DATA DE CAPACITA\u00c7\u00c3O RESOLU\u00c7\u00c3O 06 &#8211; ALTERA CRONOGRAMA DE EXECU\u00c7\u00c3O RESOLU\u00c7\u00c3O 07 COMISS\u00c3O ELEITORAL RESOLU\u00c7\u00c3O 08 COMISS\u00c3O ELEITORAL 2 RESOLU\u00c7\u00c3O 09 COMISS\u00c3O ELEITORAL 3 RESOLU\u00c7\u00c3O CMDCA N\u00ba 02\/2023 RESOLU\u00c7\u00c3O 10 COMISS\u00c3O ELEITORAL RESOLU\u00c7\u00c3O 11 COMISS\u00c3O ELEITORAL RESOLU\u00c7\u00c3O CMDCA N\u00ba 04\/2023 RESOLU\u00c7\u00c3O 12 COMISS\u00c3O ELEITORAL ATA DE APURA\u00c7\u00c3O RESOLU\u00c7\u00c3O CMDCA HOMOLOGA\u00c7\u00c3O FINAL Elei\u00e7\u00e3o Complementar EDITAL DE ABERTURA FICHA DE INSCRI\u00c7\u00c3O DECLARA\u00c7\u00c3O RESOLU\u00c7\u00c3O 01 COMISS\u00c3O ELEITORAL RESOLU\u00c7\u00c3O 02 RESOLU\u00c7\u00c3O 03 COMISS\u00c3O ELEITORAL &#8211; SUPLEMENTAR RESOLU\u00c7\u00c3O 04 COMISS\u00c3O ELEITORAL &#8211; SUPLEMENTAR RESOLU\u00c7\u00c3O 05 COMISS\u00c3O ELEITORAL &#8211; SUPLEMENTAR RESOLU\u00c7\u00c3O 06 RESOLU\u00c7\u00c3O 07 RESOLU\u00c7\u00c3O 08 COMISS\u00c3O ELEITORAL RESOLU\u00c7\u00c3O 09 COMISS\u00c3O ELEITORAL RESOLU\u00c7\u00c3O 10 COMISS\u00c3O ELEITORAL Hor\u00e1rio de Funcionamento:Segunda a Quinta das 12:30 \u00e0s 18:30Sexta-feira das 7:30 \u00e0s 13:30 Av. Independ\u00eancia, 800 &#8211; Campo Bom \/ RS\u00a0 CEP 93700-000 \/ (51) 3598.8600 Facebook Twitter Youtube Instagram<\/p>\n","protected":false},"author":1,"featured_media":0,"parent":0,"menu_order":0,"comment_status":"closed","ping_status":"closed","template":"","meta":{"site-sidebar-layout":"no-sidebar","site-content-layout":"page-builder","ast-site-content-layout":"full-width-container","site-content-style":"unboxed","site-sidebar-style":"unboxed","ast-global-header-display":"","ast-banner-title-visibility":"","ast-main-header-display":"","ast-hfb-above-header-display":"","ast-hfb-below-header-display":"","ast-hfb-mobile-header-display":"","site-post-title":"disabled","ast-breadcrumbs-content":"","ast-featured-img":"disabled","footer-sml-layout":"","ast-disable-related-posts":"","theme-transparent-header-meta":"disabled","adv-header-id-meta":"","stick-header-meta":"","header-above-stick-meta":"","header-main-stick-meta":"","header-below-stick-meta":"","astra-migrate-meta-layouts":"set","ast-page-background-enabled":"default","ast-page-background-meta":{"desktop":{"background-color":"var(--ast-global-color-4)","background-image":"","background-repeat":"repeat","background-position":"center center","background-size":"auto","background-attachment":"scroll","background-type":"","background-media":"","overlay-type":"","overlay-color":"","overlay-opacity":"","overlay-gradient":""},"tablet":{"background-color":"","background-image":"","background-repeat":"repeat","background-position":"center center","background-size":"auto","background-attachment":"scroll","background-type":"","background-media":"","overlay-type":"","overlay-color":"","overlay-opacity":"","overlay-gradient":""},"mobile":{"background-color":"","background-image":"","background-repeat":"repeat","background-position":"center center","background-size":"auto","background-attachment":"scroll","background-type":"","background-media":"","overlay-type":"","overlay-color":"","overlay-opacity":"","overlay-gradient":""}},"ast-content-background-meta":{"desktop":{"background-color":"var(--ast-global-color-5)","background-image":"","background-repeat":"repeat","background-position":"center center","background-size":"auto","background-attachment":"scroll","background-type":"","background-media":"","overlay-type":"","overlay-color":"","overlay-opacity":"","overlay-gradient":""},"tablet":{"background-color":"var(--ast-global-color-5)","background-image":"","background-repeat":"repeat","background-position":"center center","background-size":"auto","background-attachment":"scroll","background-type":"","background-media":"","overlay-type":"","overlay-color":"","overlay-opacity":"","overlay-gradient":""},"mobile":{"background-color":"var(--ast-global-color-5)","background-image":"","background-repeat":"repeat","background-position":"center center","background-size":"auto","background-attachment":"scroll","background-type":"","background-media":"","overlay-type":"","overlay-color":"","overlay-opacity":"","overlay-gradient":""}},"footnotes":""},"class_list":["post-395","page","type-page","status-publish","hentry"],"_links":{"self":[{"href":"https:\/\/publicacoes.campobom.rs.gov.br\/index.php?rest_route=\/wp\/v2\/pages\/395","targetHints":{"allow":["GET"]}}],"collection":[{"href":"https:\/\/publicacoes.campobom.rs.gov.br\/index.php?rest_route=\/wp\/v2\/pages"}],"about":[{"href":"https:\/\/publicacoes.campobom.rs.gov.br\/index.php?rest_route=\/wp\/v2\/types\/page"}],"author":[{"embeddable":true,"href":"https:\/\/publicacoes.campobom.rs.gov.br\/index.php?rest_route=\/wp\/v2\/users\/1"}],"replies":[{"embeddable":true,"href":"https:\/\/publicacoes.campobom.rs.gov.br\/index.php?rest_route=%2Fwp%2Fv2%2Fcomments&post=395"}],"version-history":[{"count":150,"href":"https:\/\/publicacoes.campobom.rs.gov.br\/index.php?rest_route=\/wp\/v2\/pages\/395\/revisions"}],"predecessor-version":[{"id":2632,"href":"https:\/\/publicacoes.campobom.rs.gov.br\/index.php?rest_route=\/wp\/v2\/pages\/395\/revisions\/2632"}],"wp:attachment":[{"href":"https:\/\/publicacoes.campobom.rs.gov.br\/index.php?rest_route=%2Fwp%2Fv2%2Fmedia&parent=395"}],"curies":[{"name":"wp","href":"https:\/\/api.w.org\/{rel}","templated":true}]}}