{"id":4325,"date":"2025-12-23T17:14:08","date_gmt":"2025-12-23T20:14:08","guid":{"rendered":"https:\/\/publicacoes.campobom.rs.gov.br\/?page_id=4325"},"modified":"2026-04-01T13:07:53","modified_gmt":"2026-04-01T16:07:53","slug":"processo-seletivo-ano-2026","status":"publish","type":"page","link":"https:\/\/publicacoes.campobom.rs.gov.br\/?page_id=4325","title":{"rendered":"Processo seletivo ano 2026"},"content":{"rendered":"\t\t<div data-elementor-type=\"wp-page\" data-elementor-id=\"4325\" class=\"elementor elementor-4325\">\n\t\t\t\t\t\t<section class=\"elementor-section elementor-top-section elementor-element elementor-element-80327d5 elementor-section-boxed elementor-section-height-default elementor-section-height-default wpr-particle-no wpr-jarallax-no wpr-parallax-no wpr-equal-height-no\" data-id=\"80327d5\" data-element_type=\"section\" data-e-type=\"section\">\n\t\t\t\t\t\t<div class=\"elementor-container elementor-column-gap-default\">\n\t\t\t\t\t<div class=\"elementor-column elementor-col-100 elementor-top-column elementor-element elementor-element-e2e3672\" data-id=\"e2e3672\" data-element_type=\"column\" data-e-type=\"column\">\n\t\t\t<div class=\"elementor-widget-wrap elementor-element-populated\">\n\t\t\t\t\t\t<div class=\"elementor-element elementor-element-ece9972 elementor-widget elementor-widget-heading\" data-id=\"ece9972\" data-element_type=\"widget\" data-e-type=\"widget\" data-widget_type=\"heading.default\">\n\t\t\t\t<div class=\"elementor-widget-container\">\n\t\t\t\t\t<h2 class=\"elementor-heading-title elementor-size-default\">Ano 2026<\/h2>\t\t\t\t<\/div>\n\t\t\t\t<\/div>\n\t\t\t\t<div class=\"elementor-element elementor-element-50c6dc7 wpr-advanced-accordion-icon-side-box elementor-widget elementor-widget-wpr-advanced-accordion\" data-id=\"50c6dc7\" data-element_type=\"widget\" data-e-type=\"widget\" data-settings=\"{&quot;active_item&quot;:0}\" data-widget_type=\"wpr-advanced-accordion.default\">\n\t\t\t\t<div class=\"elementor-widget-container\">\n\t\t\t\t\t\n            <div class=\"wpr-advanced-accordion\" data-accordion-type=\"accordion\" data-active-index=\"0\" data-accordion-trigger=\"click\" data-interaction-speed=\"0.4\">\n\n\t\t\t\n                \n\t\t\t\t\t<div class=\"wpr-accordion-item-wrap\">\n\t\t\t\t\t\t<button class=\"wpr-acc-button\">\n\t\t\t\t\t\t\t<span class=\"wpr-acc-item-title\">\n\t\t\t\t\t\t\t\t\t\t\t\t\t\t\t\t\t<div class=\"wpr-acc-icon-box\">\n\t\t\t\t\t\t\t\t\t\t\t\t\t\t<span class=\"wpr-title-icon\">\n\t\t\t\t\t<i aria-hidden=\"true\" class=\"far fa-edit\"><\/i>\t\t\t\t<\/span>\n\t\t\t\t\t\t\t\t\t\t\t\t<\/div>\n\t\t\t\t\t\t\t\t\n\t\t\t\t\t\t\t\t<span class=\"wpr-acc-title-text\">Processo Seletivo n\u00ba 01 - PIM, Crian\u00e7a Feliz e ADM<\/span>\n\t\t\t\t\t\t\t<\/span>\n\t\t\t\t\t\t\t\t\t\t\t<span class=\"wpr-toggle-icon wpr-ti-close\"><i aria-hidden=\"true\" class=\"fas fa-plus\"><\/i><\/span>\n\t\t\t\t<span class=\"wpr-toggle-icon wpr-ti-open\"><i aria-hidden=\"true\" class=\"fas fa-minus\"><\/i><\/span>\n\t\t\t\t\t\t\t\t\t<\/button>\n\n\t\t\t\t\t\t<div class=\"wpr-acc-panel\">\n\t\t\t\t\t\t\t\t\t\t\t\t\t\t\t<div class=\"wpr-acc-panel-content\"><p><a href=\"\/wp-content\/uploads\/PROCESSOSELETIVO\/2026\/Processo-Seletivo-n\u00ba-01-PIM-e-Crian\u00e7a-Feliz-e-estagi\u00e1rios-ADM\/Edital-de-abertura-no-01.pdf\">Edital de Abertura n\u00ba 01\/2026<\/a><\/p><p><a href=\"\/wp-content\/uploads\/PROCESSOSELETIVO\/2026\/Processo-Seletivo-n\u00ba-01-PIM-e-Crian\u00e7a-Feliz-e-estagi\u00e1rios-ADM\/Edital-no-02_divulga-resultado-parcial.pdf\">Edital n\u00ba 02\/2026 - Divulga Resultado Parcial<\/a><\/p><p><a href=\"\/wp-content\/uploads\/PROCESSOSELETIVO\/2026\/Processo-Seletivo-n\u00ba-01-PIM-e-Crian\u00e7a-Feliz-e-estagi\u00e1rios-ADM\/Edital-no-03_divulga-resultado-recursos-e-resultado-final.pdf\">Edital n\u00ba 03\/2026 - Divulga Resultado Recursos e Resultado Final<\/a><\/p><\/div>\n\t\t\t\t\t\t\t\t\t\t\t\t\t<\/div>\n                    <\/div>\n\n                \n\t\t\t\t\t<div class=\"wpr-accordion-item-wrap\">\n\t\t\t\t\t\t<button class=\"wpr-acc-button\">\n\t\t\t\t\t\t\t<span class=\"wpr-acc-item-title\">\n\t\t\t\t\t\t\t\t\t\t\t\t\t\t\t\t\t<div class=\"wpr-acc-icon-box\">\n\t\t\t\t\t\t\t\t\t\t\t\t\t\t<span class=\"wpr-title-icon\">\n\t\t\t\t\t<i aria-hidden=\"true\" class=\"far fa-edit\"><\/i>\t\t\t\t<\/span>\n\t\t\t\t\t\t\t\t\t\t\t\t<\/div>\n\t\t\t\t\t\t\t\t\n\t\t\t\t\t\t\t\t<span class=\"wpr-acc-title-text\">Processo Seletivo n\u00ba 02 - Estagi\u00e1rios SMEC e ADM<\/span>\n\t\t\t\t\t\t\t<\/span>\n\t\t\t\t\t\t\t\t\t\t\t<span class=\"wpr-toggle-icon wpr-ti-close\"><i aria-hidden=\"true\" class=\"fas fa-plus\"><\/i><\/span>\n\t\t\t\t<span class=\"wpr-toggle-icon wpr-ti-open\"><i aria-hidden=\"true\" class=\"fas fa-minus\"><\/i><\/span>\n\t\t\t\t\t\t\t\t\t<\/button>\n\n\t\t\t\t\t\t<div class=\"wpr-acc-panel\">\n\t\t\t\t\t\t\t\t\t\t\t\t\t\t\t<div class=\"wpr-acc-panel-content\"><p><a href=\"\/wp-content\/uploads\/PROCESSOSELETIVO\/2026\/Processo-Seletivo-n\u00ba-02-Estagi\u00e1rios-SMEC-e-ADM\/Edital-de-Abertura-no-01.pdf\">Edital de Abertura n\u00ba 01\/2026<\/a><\/p><p><a href=\"\/wp-content\/uploads\/PROCESSOSELETIVO\/2026\/Processo-Seletivo-n\u00ba-02-Estagi\u00e1rios-SMEC-e-ADM\/Edital-no-02_Retifica-Edital-de-Abertura.pdf\">Edital n\u00ba 02\/2026_Retifica Edital de Abertura n\u00ba 01\/2026<\/a><\/p><p><a href=\"\/wp-content\/uploads\/PROCESSOSELETIVO\/2026\/Processo-Seletivo-n\u00ba-02-Estagi\u00e1rios-SMEC-e-ADM\/Edital-no-03_Divulga-Classificacao-Provisoria.pdf\">Edital n\u00ba 03\/2026_Divulga Classifica\u00e7\u00e3o Provis\u00f3ria<\/a><\/p><p><a href=\"\/wp-content\/uploads\/PROCESSOSELETIVO\/2026\/Processo-Seletivo-n\u00ba-02-Estagi\u00e1rios-SMEC-e-ADM\/Edital-no-04_Divulga-Classificacao-Final.pdf\">Edital n\u00ba 04\/2026_Divulga Classifica\u00e7\u00e3o Final<\/a><\/p><\/div>\n\t\t\t\t\t\t\t\t\t\t\t\t\t<\/div>\n                    <\/div>\n\n                \n\t\t\t\t\t<div class=\"wpr-accordion-item-wrap\">\n\t\t\t\t\t\t<button class=\"wpr-acc-button\">\n\t\t\t\t\t\t\t<span class=\"wpr-acc-item-title\">\n\t\t\t\t\t\t\t\t\t\t\t\t\t\t\t\t\t<div class=\"wpr-acc-icon-box\">\n\t\t\t\t\t\t\t\t\t\t\t\t\t\t<span class=\"wpr-title-icon\">\n\t\t\t\t\t<i aria-hidden=\"true\" class=\"far fa-edit\"><\/i>\t\t\t\t<\/span>\n\t\t\t\t\t\t\t\t\t\t\t\t<\/div>\n\t\t\t\t\t\t\t\t\n\t\t\t\t\t\t\t\t<span class=\"wpr-acc-title-text\">Processo Seletivo n\u00ba 03 - Estagi\u00e1rios Farm\u00e1cia<\/span>\n\t\t\t\t\t\t\t<\/span>\n\t\t\t\t\t\t\t\t\t\t\t<span class=\"wpr-toggle-icon wpr-ti-close\"><i aria-hidden=\"true\" class=\"fas fa-plus\"><\/i><\/span>\n\t\t\t\t<span class=\"wpr-toggle-icon wpr-ti-open\"><i aria-hidden=\"true\" class=\"fas fa-minus\"><\/i><\/span>\n\t\t\t\t\t\t\t\t\t<\/button>\n\n\t\t\t\t\t\t<div class=\"wpr-acc-panel\">\n\t\t\t\t\t\t\t\t\t\t\t\t\t\t\t<div class=\"wpr-acc-panel-content\"><p><a href=\"\/wp-content\/uploads\/PROCESSOSELETIVO\/2026\/Processo-Seletivo-n\u00ba-03-Estagi\u00e1rios-Farm\u00e1cia\/Edital-de-Abertura-no-01.2026.pdf\">Edital de Abertura n\u00ba 01\/2026<\/a><\/p><p><a href=\"\/wp-content\/uploads\/PROCESSOSELETIVO\/2026\/Processo-Seletivo-n\u00ba-03-Estagi\u00e1rios-Farm\u00e1cia\/Edital-no-02_Divulga-Classificacao-Final.pdf\">Edital n\u00ba 02\/2026 - Divulga Classifica\u00e7\u00e3o Final<\/a><\/p><\/div>\n\t\t\t\t\t\t\t\t\t\t\t\t\t<\/div>\n                    <\/div>\n\n                \n\t\t\t\t\t<div class=\"wpr-accordion-item-wrap\">\n\t\t\t\t\t\t<button class=\"wpr-acc-button\">\n\t\t\t\t\t\t\t<span class=\"wpr-acc-item-title\">\n\t\t\t\t\t\t\t\t\t\t\t\t\t\t\t\t\t<div class=\"wpr-acc-icon-box\">\n\t\t\t\t\t\t\t\t\t\t\t\t\t\t<span class=\"wpr-title-icon\">\n\t\t\t\t\t<i aria-hidden=\"true\" class=\"far fa-edit\"><\/i>\t\t\t\t<\/span>\n\t\t\t\t\t\t\t\t\t\t\t\t<\/div>\n\t\t\t\t\t\t\t\t\n\t\t\t\t\t\t\t\t<span class=\"wpr-acc-title-text\">Processo Seletivo n\u00ba 04 - Sa\u00fade<\/span>\n\t\t\t\t\t\t\t<\/span>\n\t\t\t\t\t\t\t\t\t\t\t<span class=\"wpr-toggle-icon wpr-ti-close\"><i aria-hidden=\"true\" class=\"fas fa-plus\"><\/i><\/span>\n\t\t\t\t<span class=\"wpr-toggle-icon wpr-ti-open\"><i aria-hidden=\"true\" class=\"fas fa-minus\"><\/i><\/span>\n\t\t\t\t\t\t\t\t\t<\/button>\n\n\t\t\t\t\t\t<div class=\"wpr-acc-panel\">\n\t\t\t\t\t\t\t\t\t\t\t\t\t\t\t<div class=\"wpr-acc-panel-content\"><p><a href=\"\/wp-content\/uploads\/PROCESSOSELETIVO\/2026\/Processo-Seletivo-n\u00ba-04-Sa\u00fade\/Edital-de-Abertura-no01.pdf\">Edital de Abertura n\u00ba 01\/2026<\/a><\/p><p><a href=\"\/wp-content\/uploads\/PROCESSOSELETIVO\/2026\/Processo-Seletivo-n\u00ba-04-Sa\u00fade\/Edital-de-Abertura-no-02_Divulga-resultado-parcial.pdf\">Edital n\u00ba 02\/2026 - Divulga Resultados Parciais<\/a><\/p><p><a href=\"\/wp-content\/uploads\/PROCESSOSELETIVO\/2026\/Processo-Seletivo-n\u00ba-04-Sa\u00fade\/Edital-de-Abertura-no-03_Divulga-data-horario-e-local-de-realizacao-do-sorteio-publico-para-desempate-e-altera-cronograma.pdf\">Edital n\u00ba 03\/2026 - Convoca\u00e7\u00e3o para Sorteio e Altera\u00e7\u00e3o do Cronograma<\/a><\/p><p><a href=\"\/wp-content\/uploads\/PROCESSOSELETIVO\/2026\/Processo-Seletivo-n\u00ba-04-Sa\u00fade\/Edital-no-04_Divulga-resultado-recursos-e-resultado-final.pdf\">Edital n\u00ba 04\/2026 - Divulga Resultado dos Recursos e Resultado Final<\/a><\/p><\/div>\n\t\t\t\t\t\t\t\t\t\t\t\t\t<\/div>\n                    <\/div>\n\n                            <\/div>\n        \t\t\t\t<\/div>\n\t\t\t\t<\/div>\n\t\t\t\t\t<\/div>\n\t\t<\/div>\n\t\t\t\t\t<\/div>\n\t\t<\/section>\n\t\t\t\t<section class=\"elementor-section elementor-top-section elementor-element elementor-element-416fa70 elementor-section-height-min-height elementor-hidden-tablet elementor-hidden-mobile elementor-section-boxed elementor-section-height-default elementor-section-items-middle wpr-particle-no wpr-jarallax-no wpr-parallax-no wpr-sticky-section-no wpr-equal-height-no\" data-id=\"416fa70\" data-element_type=\"section\" data-e-type=\"section\" data-settings=\"{&quot;background_background&quot;:&quot;classic&quot;,&quot;shape_divider_top&quot;:&quot;mountains&quot;}\">\n\t\t\t\t\t<div class=\"elementor-shape elementor-shape-top\" aria-hidden=\"true\" data-negative=\"false\">\n\t\t\t<svg xmlns=\"http:\/\/www.w3.org\/2000\/svg\" viewBox=\"0 0 1000 100\" preserveAspectRatio=\"none\">\n\t<path class=\"elementor-shape-fill\" opacity=\"0.33\" d=\"M473,67.3c-203.9,88.3-263.1-34-320.3,0C66,119.1,0,59.7,0,59.7V0h1000v59.7 c0,0-62.1,26.1-94.9,29.3c-32.8,3.3-62.8-12.3-75.8-22.1C806,49.6,745.3,8.7,694.9,4.7S492.4,59,473,67.3z\"\/>\n\t<path class=\"elementor-shape-fill\" opacity=\"0.66\" d=\"M734,67.3c-45.5,0-77.2-23.2-129.1-39.1c-28.6-8.7-150.3-10.1-254,39.1 s-91.7-34.4-149.2,0C115.7,118.3,0,39.8,0,39.8V0h1000v36.5c0,0-28.2-18.5-92.1-18.5C810.2,18.1,775.7,67.3,734,67.3z\"\/>\n\t<path class=\"elementor-shape-fill\" d=\"M766.1,28.9c-200-57.5-266,65.5-395.1,19.5C242,1.8,242,5.4,184.8,20.6C128,35.8,132.3,44.9,89.9,52.5C28.6,63.7,0,0,0,0 h1000c0,0-9.9,40.9-83.6,48.1S829.6,47,766.1,28.9z\"\/>\n<\/svg>\t\t<\/div>\n\t\t\t\t\t<div class=\"elementor-container elementor-column-gap-default\">\n\t\t\t\t\t<div class=\"elementor-column elementor-col-50 elementor-top-column elementor-element elementor-element-7c70ed6\" data-id=\"7c70ed6\" data-element_type=\"column\" data-e-type=\"column\">\n\t\t\t<div class=\"elementor-widget-wrap elementor-element-populated\">\n\t\t\t\t\t\t<div class=\"elementor-element elementor-element-f32f460 elementor-widget elementor-widget-spacer\" data-id=\"f32f460\" data-element_type=\"widget\" data-e-type=\"widget\" data-widget_type=\"spacer.default\">\n\t\t\t\t<div class=\"elementor-widget-container\">\n\t\t\t\t\t\t\t<div class=\"elementor-spacer\">\n\t\t\t<div class=\"elementor-spacer-inner\"><\/div>\n\t\t<\/div>\n\t\t\t\t\t\t<\/div>\n\t\t\t\t<\/div>\n\t\t\t\t<div class=\"elementor-element elementor-element-1143189 elementor-widget elementor-widget-spacer\" data-id=\"1143189\" data-element_type=\"widget\" data-e-type=\"widget\" data-widget_type=\"spacer.default\">\n\t\t\t\t<div class=\"elementor-widget-container\">\n\t\t\t\t\t\t\t<div class=\"elementor-spacer\">\n\t\t\t<div class=\"elementor-spacer-inner\"><\/div>\n\t\t<\/div>\n\t\t\t\t\t\t<\/div>\n\t\t\t\t<\/div>\n\t\t\t\t<div class=\"elementor-element elementor-element-d152f8c elementor-widget elementor-widget-spacer\" data-id=\"d152f8c\" data-element_type=\"widget\" data-e-type=\"widget\" data-widget_type=\"spacer.default\">\n\t\t\t\t<div class=\"elementor-widget-container\">\n\t\t\t\t\t\t\t<div class=\"elementor-spacer\">\n\t\t\t<div class=\"elementor-spacer-inner\"><\/div>\n\t\t<\/div>\n\t\t\t\t\t\t<\/div>\n\t\t\t\t<\/div>\n\t\t\t\t<div class=\"elementor-element elementor-element-7d2fd3f elementor-widget elementor-widget-text-editor\" data-id=\"7d2fd3f\" data-element_type=\"widget\" data-e-type=\"widget\" data-widget_type=\"text-editor.default\">\n\t\t\t\t<div class=\"elementor-widget-container\">\n\t\t\t\t\t\t\t\t\t<p>Hor\u00e1rio de Funcionamento:<br \/>Segunda a Quinta das 12:30 \u00e0s 18:30<br \/>Sexta-feira das 7:30 \u00e0s 13:30<\/p><p>Av. Independ\u00eancia, 800 &#8211; Campo Bom \/ RS\u00a0<\/p><p>CEP 93700-000 \/ (51) 3598.8600<\/p>\t\t\t\t\t\t\t\t<\/div>\n\t\t\t\t<\/div>\n\t\t\t\t\t<\/div>\n\t\t<\/div>\n\t\t\t\t<div class=\"elementor-column elementor-col-50 elementor-top-column elementor-element elementor-element-8f89012\" data-id=\"8f89012\" data-element_type=\"column\" data-e-type=\"column\">\n\t\t\t<div class=\"elementor-widget-wrap elementor-element-populated\">\n\t\t\t\t\t\t<div class=\"elementor-element elementor-element-bc17d53 elementor-widget elementor-widget-spacer\" data-id=\"bc17d53\" data-element_type=\"widget\" data-e-type=\"widget\" data-widget_type=\"spacer.default\">\n\t\t\t\t<div class=\"elementor-widget-container\">\n\t\t\t\t\t\t\t<div class=\"elementor-spacer\">\n\t\t\t<div class=\"elementor-spacer-inner\"><\/div>\n\t\t<\/div>\n\t\t\t\t\t\t<\/div>\n\t\t\t\t<\/div>\n\t\t\t\t<div class=\"elementor-element elementor-element-439523f elementor-widget elementor-widget-spacer\" data-id=\"439523f\" data-element_type=\"widget\" data-e-type=\"widget\" data-widget_type=\"spacer.default\">\n\t\t\t\t<div class=\"elementor-widget-container\">\n\t\t\t\t\t\t\t<div class=\"elementor-spacer\">\n\t\t\t<div class=\"elementor-spacer-inner\"><\/div>\n\t\t<\/div>\n\t\t\t\t\t\t<\/div>\n\t\t\t\t<\/div>\n\t\t\t\t<div class=\"elementor-element elementor-element-55b9b13 elementor-shape-circle elementor-grid-0 e-grid-align-center elementor-widget elementor-widget-social-icons\" data-id=\"55b9b13\" data-element_type=\"widget\" data-e-type=\"widget\" data-widget_type=\"social-icons.default\">\n\t\t\t\t<div class=\"elementor-widget-container\">\n\t\t\t\t\t\t\t<div class=\"elementor-social-icons-wrapper elementor-grid\" role=\"list\">\n\t\t\t\t\t\t\t<span class=\"elementor-grid-item\" role=\"listitem\">\n\t\t\t\t\t<a class=\"elementor-icon elementor-social-icon elementor-social-icon-facebook elementor-repeater-item-2c68855\" href=\"https:\/\/pt-br.facebook.com\/prefeituradecampobom\" target=\"_blank\">\n\t\t\t\t\t\t<span class=\"elementor-screen-only\">Facebook<\/span>\n\t\t\t\t\t\t<i aria-hidden=\"true\" class=\"fab fa-facebook\"><\/i>\t\t\t\t\t<\/a>\n\t\t\t\t<\/span>\n\t\t\t\t\t\t\t<span class=\"elementor-grid-item\" role=\"listitem\">\n\t\t\t\t\t<a class=\"elementor-icon elementor-social-icon elementor-social-icon-twitter elementor-repeater-item-fee35a3\" href=\"https:\/\/twitter.com\/PrefCampoBom\" target=\"_blank\">\n\t\t\t\t\t\t<span class=\"elementor-screen-only\">Twitter<\/span>\n\t\t\t\t\t\t<i aria-hidden=\"true\" class=\"fab fa-twitter\"><\/i>\t\t\t\t\t<\/a>\n\t\t\t\t<\/span>\n\t\t\t\t\t\t\t<span class=\"elementor-grid-item\" role=\"listitem\">\n\t\t\t\t\t<a class=\"elementor-icon elementor-social-icon elementor-social-icon-youtube elementor-repeater-item-4a14213\" href=\"https:\/\/www.youtube.com\/user\/imprensacb1\" target=\"_blank\">\n\t\t\t\t\t\t<span class=\"elementor-screen-only\">Youtube<\/span>\n\t\t\t\t\t\t<i aria-hidden=\"true\" class=\"fab fa-youtube\"><\/i>\t\t\t\t\t<\/a>\n\t\t\t\t<\/span>\n\t\t\t\t\t\t\t<span class=\"elementor-grid-item\" role=\"listitem\">\n\t\t\t\t\t<a class=\"elementor-icon elementor-social-icon elementor-social-icon-instagram elementor-repeater-item-630abc8\" target=\"_blank\">\n\t\t\t\t\t\t<span class=\"elementor-screen-only\">Instagram<\/span>\n\t\t\t\t\t\t<i aria-hidden=\"true\" class=\"fab fa-instagram\"><\/i>\t\t\t\t\t<\/a>\n\t\t\t\t<\/span>\n\t\t\t\t\t<\/div>\n\t\t\t\t\t\t<\/div>\n\t\t\t\t<\/div>\n\t\t\t\t<div class=\"elementor-element elementor-element-3ccadb5 elementor-widget elementor-widget-image\" data-id=\"3ccadb5\" data-element_type=\"widget\" data-e-type=\"widget\" data-widget_type=\"image.default\">\n\t\t\t\t<div class=\"elementor-widget-container\">\n\t\t\t\t\t\t\t\t\t\t\t\t\t\t\t<img decoding=\"async\" width=\"150\" height=\"150\" src=\"https:\/\/publicacoes.campobom.rs.gov.br\/wp-content\/uploads\/2023\/03\/pmcb_BRASA\u0192O_negativo-branco-150x150.png\" class=\"attachment-thumbnail size-thumbnail wp-image-30\" alt=\"\" srcset=\"https:\/\/publicacoes.campobom.rs.gov.br\/wp-content\/uploads\/2023\/03\/pmcb_BRASA\u0192O_negativo-branco-150x150.png 150w, https:\/\/publicacoes.campobom.rs.gov.br\/wp-content\/uploads\/2023\/03\/pmcb_BRASA\u0192O_negativo-branco-300x300.png 300w, https:\/\/publicacoes.campobom.rs.gov.br\/wp-content\/uploads\/2023\/03\/pmcb_BRASA\u0192O_negativo-branco-1024x1024.png 1024w, https:\/\/publicacoes.campobom.rs.gov.br\/wp-content\/uploads\/2023\/03\/pmcb_BRASA\u0192O_negativo-branco-768x768.png 768w, https:\/\/publicacoes.campobom.rs.gov.br\/wp-content\/uploads\/2023\/03\/pmcb_BRASA\u0192O_negativo-branco-1536x1536.png 1536w, https:\/\/publicacoes.campobom.rs.gov.br\/wp-content\/uploads\/2023\/03\/pmcb_BRASA\u0192O_negativo-branco-2048x2048.png 2048w, https:\/\/publicacoes.campobom.rs.gov.br\/wp-content\/uploads\/2023\/03\/pmcb_BRASA\u0192O_negativo-branco-242x242.png 242w\" sizes=\"(max-width: 150px) 100vw, 150px\" \/>\t\t\t\t\t\t\t\t\t\t\t\t\t\t\t<\/div>\n\t\t\t\t<\/div>\n\t\t\t\t\t<\/div>\n\t\t<\/div>\n\t\t\t\t\t<\/div>\n\t\t<\/section>\n\t\t\t\t<section class=\"elementor-section elementor-top-section elementor-element elementor-element-c7dec44 elementor-section-boxed elementor-section-height-default elementor-section-height-default wpr-particle-no wpr-jarallax-no wpr-parallax-no wpr-sticky-section-no wpr-equal-height-no\" data-id=\"c7dec44\" data-element_type=\"section\" data-e-type=\"section\">\n\t\t\t\t\t\t<div class=\"elementor-container elementor-column-gap-default\">\n\t\t\t\t\t<div class=\"elementor-column elementor-col-100 elementor-top-column elementor-element elementor-element-ca053e0\" data-id=\"ca053e0\" data-element_type=\"column\" data-e-type=\"column\">\n\t\t\t<div class=\"elementor-widget-wrap\">\n\t\t\t\t\t\t\t<\/div>\n\t\t<\/div>\n\t\t\t\t\t<\/div>\n\t\t<\/section>\n\t\t\t\t<\/div>\n\t\t","protected":false},"excerpt":{"rendered":"<p>Ano 2026 Processo Seletivo n\u00ba 01 &#8211; PIM, Crian\u00e7a Feliz e ADM Edital de Abertura n\u00ba 01\/2026 Edital n\u00ba 02\/2026 &#8211; Divulga Resultado Parcial Edital n\u00ba 03\/2026 &#8211; Divulga Resultado Recursos e Resultado Final Processo Seletivo n\u00ba 02 &#8211; Estagi\u00e1rios SMEC e ADM Edital de Abertura n\u00ba 01\/2026 Edital n\u00ba 02\/2026_Retifica Edital de Abertura n\u00ba 01\/2026 Edital n\u00ba 03\/2026_Divulga Classifica\u00e7\u00e3o Provis\u00f3ria Edital n\u00ba 04\/2026_Divulga Classifica\u00e7\u00e3o Final Processo Seletivo n\u00ba 03 &#8211; Estagi\u00e1rios Farm\u00e1cia Edital de Abertura n\u00ba 01\/2026 Edital n\u00ba 02\/2026 &#8211; Divulga Classifica\u00e7\u00e3o Final Processo Seletivo n\u00ba 04 &#8211; Sa\u00fade Edital de Abertura n\u00ba 01\/2026 Edital n\u00ba 02\/2026 &#8211; Divulga Resultados Parciais Edital n\u00ba 03\/2026 &#8211; Convoca\u00e7\u00e3o para Sorteio e Altera\u00e7\u00e3o do Cronograma Edital n\u00ba 04\/2026 &#8211; Divulga Resultado dos Recursos e Resultado Final Hor\u00e1rio de Funcionamento:Segunda a Quinta das 12:30 \u00e0s 18:30Sexta-feira das 7:30 \u00e0s 13:30 Av. Independ\u00eancia, 800 &#8211; Campo Bom \/ RS\u00a0 CEP 93700-000 \/ (51) 3598.8600 Facebook Twitter Youtube Instagram<\/p>\n","protected":false},"author":1,"featured_media":0,"parent":0,"menu_order":0,"comment_status":"closed","ping_status":"closed","template":"","meta":{"site-sidebar-layout":"no-sidebar","site-content-layout":"page-builder","ast-site-content-layout":"full-width-container","site-content-style":"unboxed","site-sidebar-style":"unboxed","ast-global-header-display":"","ast-banner-title-visibility":"","ast-main-header-display":"","ast-hfb-above-header-display":"","ast-hfb-below-header-display":"","ast-hfb-mobile-header-display":"","site-post-title":"disabled","ast-breadcrumbs-content":"","ast-featured-img":"disabled","footer-sml-layout":"disabled","ast-disable-related-posts":"","theme-transparent-header-meta":"disabled","adv-header-id-meta":"","stick-header-meta":"","header-above-stick-meta":"","header-main-stick-meta":"","header-below-stick-meta":"","astra-migrate-meta-layouts":"set","ast-page-background-enabled":"default","ast-page-background-meta":{"desktop":{"background-color":"var(--ast-global-color-4)","background-image":"","background-repeat":"repeat","background-position":"center center","background-size":"auto","background-attachment":"scroll","background-type":"","background-media":"","overlay-type":"","overlay-color":"","overlay-opacity":"","overlay-gradient":""},"tablet":{"background-color":"","background-image":"","background-repeat":"repeat","background-position":"center center","background-size":"auto","background-attachment":"scroll","background-type":"","background-media":"","overlay-type":"","overlay-color":"","overlay-opacity":"","overlay-gradient":""},"mobile":{"background-color":"","background-image":"","background-repeat":"repeat","background-position":"center center","background-size":"auto","background-attachment":"scroll","background-type":"","background-media":"","overlay-type":"","overlay-color":"","overlay-opacity":"","overlay-gradient":""}},"ast-content-background-meta":{"desktop":{"background-color":"var(--ast-global-color-5)","background-image":"","background-repeat":"repeat","background-position":"center center","background-size":"auto","background-attachment":"scroll","background-type":"","background-media":"","overlay-type":"","overlay-color":"","overlay-opacity":"","overlay-gradient":""},"tablet":{"background-color":"var(--ast-global-color-5)","background-image":"","background-repeat":"repeat","background-position":"center center","background-size":"auto","background-attachment":"scroll","background-type":"","background-media":"","overlay-type":"","overlay-color":"","overlay-opacity":"","overlay-gradient":""},"mobile":{"background-color":"var(--ast-global-color-5)","background-image":"","background-repeat":"repeat","background-position":"center center","background-size":"auto","background-attachment":"scroll","background-type":"","background-media":"","overlay-type":"","overlay-color":"","overlay-opacity":"","overlay-gradient":""}},"footnotes":""},"class_list":["post-4325","page","type-page","status-publish","hentry"],"_links":{"self":[{"href":"https:\/\/publicacoes.campobom.rs.gov.br\/index.php?rest_route=\/wp\/v2\/pages\/4325","targetHints":{"allow":["GET"]}}],"collection":[{"href":"https:\/\/publicacoes.campobom.rs.gov.br\/index.php?rest_route=\/wp\/v2\/pages"}],"about":[{"href":"https:\/\/publicacoes.campobom.rs.gov.br\/index.php?rest_route=\/wp\/v2\/types\/page"}],"author":[{"embeddable":true,"href":"https:\/\/publicacoes.campobom.rs.gov.br\/index.php?rest_route=\/wp\/v2\/users\/1"}],"replies":[{"embeddable":true,"href":"https:\/\/publicacoes.campobom.rs.gov.br\/index.php?rest_route=%2Fwp%2Fv2%2Fcomments&post=4325"}],"version-history":[{"count":64,"href":"https:\/\/publicacoes.campobom.rs.gov.br\/index.php?rest_route=\/wp\/v2\/pages\/4325\/revisions"}],"predecessor-version":[{"id":4775,"href":"https:\/\/publicacoes.campobom.rs.gov.br\/index.php?rest_route=\/wp\/v2\/pages\/4325\/revisions\/4775"}],"wp:attachment":[{"href":"https:\/\/publicacoes.campobom.rs.gov.br\/index.php?rest_route=%2Fwp%2Fv2%2Fmedia&parent=4325"}],"curies":[{"name":"wp","href":"https:\/\/api.w.org\/{rel}","templated":true}]}}